{"id":217,"date":"2026-03-19T04:22:19","date_gmt":"2026-03-19T04:22:19","guid":{"rendered":"http:\/\/www.fzk.com.pl\/fzk\/accessibility-statement\/"},"modified":"2026-03-19T04:23:22","modified_gmt":"2026-03-19T04:23:22","slug":"accessibility-statement","status":"publish","type":"page","link":"https:\/\/www.fzk.com.pl\/fzk\/accessibility-statement\/","title":{"rendered":"Deklaracja dost\u0119pno\u015bci"},"content":{"rendered":"\n<h2 class=\"wp-block-heading has-text-align-left\">Deklaracja dost\u0119pno\u015bci dla http:\/\/www.fzk.com.pl\/fzk<\/h2>\n\n\n\n<p><strong>Fundacja Zak\u0142ady K\u00f3rnickie<\/strong> zobowi\u0105zuje si\u0119 do zapewnienia dost\u0119pno\u015bci cyfrowej osobom z niepe\u0142nosprawno\u015bciami. Ci\u0105gle ulepszamy do\u015bwiadczenie u\u017cytkownika dla wszystkich i stosujemy odpowiednie standardy dost\u0119pno\u015bci.<\/p>\n\n\n\n<h3 class=\"wp-block-heading\">Status zgodno\u015bci<\/h3>\n\n\n\n<p>Wytyczne dotycz\u0105ce dost\u0119pno\u015bci tre\u015bci internetowych (WCAG) okre\u015blaj\u0105 wymagania dla projektant\u00f3w i deweloper\u00f3w w celu poprawy dost\u0119pno\u015bci dla os\u00f3b niepe\u0142nosprawnych. Definiuj\u0105 trzy poziomy zgodno\u015bci: poziom A, poziom AA i poziom AAA.<\/p>\n\n\n\n<p><strong>Fundacja Zak\u0142ady K\u00f3rnickie<\/strong> nieustannie podejmuje wysi\u0142ki maj\u0105ce na celu popraw\u0119 dost\u0119pno\u015bci swojej witryny i us\u0142ug, wierz\u0105c, \u017ce naszym wsp\u00f3lnym moralnym obowi\u0105zkiem jest umo\u017cliwienie bezproblemowego, dost\u0119pnego i nieograniczonego korzystania z nich osobom z niepe\u0142nosprawno\u015bciami.<\/p>\n\n\n\n<p>Naszym celem jest udost\u0119pnienie wszystkich stron i tre\u015bci na <strong>http:\/\/www.fzk.com.pl\/fzk<\/strong>, ale niekt\u00f3re tre\u015bci mog\u0105 jeszcze nie w pe\u0142ni spe\u0142nia\u0107 najwy\u017csze standardy dost\u0119pno\u015bci. Mo\u017ce to by\u0107 spowodowane trudno\u015bciami w okre\u015bleniu najbardziej odpowiedniego rozwi\u0105zania technologicznego.<\/p>\n\n\n\n<p>Mo\u017cemy okresowo dokonywa\u0107 przegl\u0105du niniejszego o\u015bwiadczenia w celu uwzgl\u0119dnienia udoskonale\u0144 lub zmian w naszych praktykach dotycz\u0105cych dost\u0119pno\u015bci.<\/p>\n\n\n\n<h3 class=\"wp-block-heading\">Uwagi<\/h3>\n\n\n\n<p>Zapraszamy do przesy\u0142ania opinii na temat dost\u0119pno\u015bci witryny <strong>Fundacja Zak\u0142ady K\u00f3rnickie<\/strong>. Prosimy o poinformowanie nas, je\u015bli napotkasz bariery dost\u0119pno\u015bci na naszej stronie internetowej:<\/p>\n\n\n\n<p>E-mail: <strong>sekretariat@fzk.pl<\/strong><\/p>\n\n\n\n<p>Staramy si\u0119 odpowiada\u0107 na opinie w ci\u0105gu 3\u20135 dni roboczych.<\/p>\n\n\n\n<p>O\u015bwiadczenie zosta\u0142o utworzone o 19.03.2026. <\/p>\n","protected":false},"excerpt":{"rendered":"<p>Deklaracja dost\u0119pno\u015bci dla http:\/\/www.fzk.com.pl\/fzk Fundacja Zak\u0142ady K\u00f3rnickie zobowi\u0105zuje si\u0119 do zapewnienia dost\u0119pno\u015bci cyfrowej osobom z niepe\u0142nosprawno\u015bciami. Ci\u0105gle ulepszamy do\u015bwiadczenie u\u017cytkownika dla wszystkich i stosujemy odpowiednie standardy dost\u0119pno\u015bci. Status zgodno\u015bci Wytyczne dotycz\u0105ce dost\u0119pno\u015bci tre\u015bci internetowych (WCAG) okre\u015blaj\u0105 wymagania dla projektant\u00f3w i deweloper\u00f3w w celu poprawy dost\u0119pno\u015bci dla os\u00f3b niepe\u0142nosprawnych. Definiuj\u0105 trzy poziomy zgodno\u015bci: poziom A, poziom&hellip; <a class=\"continue\" href=\"https:\/\/www.fzk.com.pl\/fzk\/accessibility-statement\/\">Czytaj wi\u0119cej<span> Deklaracja dost\u0119pno\u015bci<\/span><\/a><\/p>\n","protected":false},"author":1,"featured_media":0,"parent":0,"menu_order":0,"comment_status":"closed","ping_status":"closed","template":"","meta":{"footnotes":""},"class_list":["post-217","page","type-page","status-publish"],"_links":{"self":[{"href":"https:\/\/www.fzk.com.pl\/fzk\/wp-json\/wp\/v2\/pages\/217","targetHints":{"allow":["GET"]}}],"collection":[{"href":"https:\/\/www.fzk.com.pl\/fzk\/wp-json\/wp\/v2\/pages"}],"about":[{"href":"https:\/\/www.fzk.com.pl\/fzk\/wp-json\/wp\/v2\/types\/page"}],"author":[{"embeddable":true,"href":"https:\/\/www.fzk.com.pl\/fzk\/wp-json\/wp\/v2\/users\/1"}],"replies":[{"embeddable":true,"href":"https:\/\/www.fzk.com.pl\/fzk\/wp-json\/wp\/v2\/comments?post=217"}],"version-history":[{"count":1,"href":"https:\/\/www.fzk.com.pl\/fzk\/wp-json\/wp\/v2\/pages\/217\/revisions"}],"predecessor-version":[{"id":218,"href":"https:\/\/www.fzk.com.pl\/fzk\/wp-json\/wp\/v2\/pages\/217\/revisions\/218"}],"wp:attachment":[{"href":"https:\/\/www.fzk.com.pl\/fzk\/wp-json\/wp\/v2\/media?parent=217"}],"curies":[{"name":"wp","href":"https:\/\/api.w.org\/{rel}","templated":true}]}}