{"id":328,"date":"2026-03-19T08:31:01","date_gmt":"2026-03-19T08:31:01","guid":{"rendered":"http:\/\/www.fzk.com.pl\/fzk\/?page_id=328"},"modified":"2026-03-19T08:31:01","modified_gmt":"2026-03-19T08:31:01","slug":"misja-i-cele","status":"publish","type":"page","link":"https:\/\/www.fzk.com.pl\/fzk\/misja-i-cele\/","title":{"rendered":"Misja i cele"},"content":{"rendered":"\n<p><strong>Fundacja zak\u0142ady K\u00f3rnickie powo\u0142ana zosta\u0142a do \u017cycia by spe\u0142nia\u0107 idee pracy organicznej, kt\u00f3re by\u0142y starannie piel\u0119gnowane przez jej Fundator\u00f3w i ich rody.<\/strong><\/p>\n\n\n\n<p>W 1925 roku idee te by\u0142y rozumiane w nast\u0119puj\u0105cy spos\u00f3b:<\/p>\n\n\n\n<ol class=\"wp-block-list\">\n<li><strong>Utrzymanie i rozw\u00f3j Szko\u0142y Domowej Pracy Kobiet<\/strong>, za\u0142o\u017conej w K\u00f3rniku 24.VI.1882 r. wygnanej przez rz\u0105d pruski i przeniesionej do Lubowali na Spi\u017cu, do Kalwarii Zebrzydowskiej, do Zakopanego na Bystre, wreszcie do Ku\u017anic 11.VI.1891 r. na zasadach, na kt\u00f3rych powsta\u0142a i od przesz\u0142o czterdziestu lat rozwija\u0142a si\u0119 mimo prze\u015bladowa\u0144 i wydale\u0144.<\/li>\n\n\n\n<li><strong>Popieranie wychowania m\u0142odzie\u017cy m\u0119skiej\u00a0<\/strong>w duchu polskim i katolickim.<\/li>\n\n\n\n<li><strong>Pomoc do nauk wy\u017cszych<\/strong>\u00a0dla wyj\u0105tkowo zdolnych, zwrotna gdy zarabia\u0107 b\u0119d\u0105.<\/li>\n\n\n\n<li><strong>Utrzymanie Zamku w K\u00f3rniku<\/strong>, ku pami\u0119ci tego, co Polska przecierpia\u0142a jak si\u0119 jej synowie Ojczy\u017anie zas\u0142u\u017cyli dla przechowywania i uczczenia pami\u0119ci najszlachetniejszych w\u015br\u00f3d obcych, kt\u00f3rzy wobec Polski zas\u0142ugi po\u0142o\u017cyli, jej si\u0119 w czasach prze\u015bladowa\u0144 i najsro\u017cszych ucisk\u00f3w przyjaci\u00f3\u0142mi okazali.<\/li>\n\n\n\n<li><strong>Utrzymanie Biblioteki K\u00f3rnickiej<\/strong>, piecza nad jej wydawnictwami.<\/li>\n\n\n\n<li><strong>Za\u0142o\u017cenie i utrzymanie Zak\u0142adu bada\u0144<\/strong>, tak na stokach g\u00f3r, jak i na r\u00f3wninach, wszystkiego co wchodzi w zakres hodowli, \u017cycia, ochrony i nale\u017cytego wyzyskania wszelkiego rodzaju drzew, tak w kraju istniej\u0105cych, jak zagranicznych, mog\u0105cych si\u0119 krajowi zda\u0107, le\u015bnych ogrodowych, u\u017cytkowych, owocowych i ozdobnych, ich drewna, owoc\u00f3w, li\u015bci i sok\u00f3w. Piecza nad ogrodami K\u00f3rnickimi.<\/li>\n\n\n\n<li><strong>Krzewienie\u00a0<\/strong>w maj\u0105tkach Zak\u0142ad\u00f3w K\u00f3rnickich\u00a0<strong>w\u015br\u00f3d ludno\u015bci wiedzy zawodowej rolniczej<\/strong>\u00a0i zasad sp\u00f3\u0142dzielczo\u015bci w duchu katolickim i narodowym.<\/li>\n\n\n\n<li><strong>Uprzemys\u0142owienie i podnoszenie warto\u015bci maj\u0105tku Zak\u0142ad\u00f3w K\u00f3rnickich<\/strong>\u00a0przeprowadzenie melioracji, na co Kuratorium i Zarz\u0105d b\u0119d\u0105 mieli wzgl\u0105d szczeg\u00f3lny.<\/li>\n<\/ol>\n\n\n\n<p>W 2001 roku, gdy Sejm Rzeczypospolitej Polskiej podejmowa\u0142 ustaw\u0119 o restytucji Fundacji, na nowo sformu\u0142owano jej cele i misj\u0119, dostosowuj\u0105c do rzeczywisto\u015bci ko\u0144ca XX wieku. Obecnie obowi\u0105zuj\u0105 nast\u0119puj\u0105ce cele:<\/p>\n\n\n\n<ol class=\"wp-block-list\">\n<li><strong>Wspieranie i rozwijanie nowoczesnego rolnictwa<\/strong>\u00a0poprzez upowszechnianie kultury rolniczej, o\u015bwiaty, warto\u015bciowych rozwi\u0105za\u0144 agrotechnicznych oraz prowadzenie wzorcowych gospodarstw rolnych.<\/li>\n\n\n\n<li><strong>Dzia\u0142anie na rzecz edukacji rolnej i dzia\u0142alno\u015bci naukowo-badawczej<\/strong>\u00a0poprzez zak\u0142adanie szk\u00f3\u0142 rolniczych, wspieranie nowoczesnego kszta\u0142cenia, fundowanie stypendi\u00f3w, organizowanie dzia\u0142alno\u015bci upowszechniaj\u0105cej racjonalne gospodarowanie zasobami rolnymi.<\/li>\n\n\n\n<li><strong>Propagowanie idei pracy organicznej<\/strong>.<\/li>\n\n\n\n<li><strong>Dzia\u0142anie na rzecz poprawy warunk\u00f3w \u017cycia i pracy mieszka\u0144c\u00f3w<\/strong>\u00a0zwi\u0105zanych z terenami Zak\u0142ad\u00f3w, zamieszka\u0142ych na terenach lub\u00a0w pobli\u017cu teren\u00f3w Zak\u0142ad\u00f3w, w tym tak\u017ce wspieranie inicjatyw spo\u0142ecznych.<\/li>\n\n\n\n<li><strong>Wspieranie plac\u00f3wek Polskiej Akademii Nauk<\/strong>\u00a0\u2013 Biblioteki K\u00f3rnickiej i Instytutu Dendrologii.<\/li>\n<\/ol>\n","protected":false},"excerpt":{"rendered":"<p>Fundacja zak\u0142ady K\u00f3rnickie powo\u0142ana zosta\u0142a do \u017cycia by spe\u0142nia\u0107 idee pracy organicznej, kt\u00f3re by\u0142y starannie piel\u0119gnowane przez jej Fundator\u00f3w i ich rody. W 1925 roku idee te by\u0142y rozumiane w nast\u0119puj\u0105cy spos\u00f3b: W 2001 roku, gdy Sejm Rzeczypospolitej Polskiej podejmowa\u0142 ustaw\u0119 o restytucji Fundacji, na nowo sformu\u0142owano jej cele i misj\u0119, dostosowuj\u0105c do rzeczywisto\u015bci ko\u0144ca&hellip; <a class=\"continue\" href=\"https:\/\/www.fzk.com.pl\/fzk\/misja-i-cele\/\">Czytaj wi\u0119cej<span> Misja i cele<\/span><\/a><\/p>\n","protected":false},"author":1,"featured_media":0,"parent":0,"menu_order":0,"comment_status":"closed","ping_status":"closed","template":"","meta":{"footnotes":""},"class_list":["post-328","page","type-page","status-publish"],"_links":{"self":[{"href":"https:\/\/www.fzk.com.pl\/fzk\/wp-json\/wp\/v2\/pages\/328","targetHints":{"allow":["GET"]}}],"collection":[{"href":"https:\/\/www.fzk.com.pl\/fzk\/wp-json\/wp\/v2\/pages"}],"about":[{"href":"https:\/\/www.fzk.com.pl\/fzk\/wp-json\/wp\/v2\/types\/page"}],"author":[{"embeddable":true,"href":"https:\/\/www.fzk.com.pl\/fzk\/wp-json\/wp\/v2\/users\/1"}],"replies":[{"embeddable":true,"href":"https:\/\/www.fzk.com.pl\/fzk\/wp-json\/wp\/v2\/comments?post=328"}],"version-history":[{"count":1,"href":"https:\/\/www.fzk.com.pl\/fzk\/wp-json\/wp\/v2\/pages\/328\/revisions"}],"predecessor-version":[{"id":329,"href":"https:\/\/www.fzk.com.pl\/fzk\/wp-json\/wp\/v2\/pages\/328\/revisions\/329"}],"wp:attachment":[{"href":"https:\/\/www.fzk.com.pl\/fzk\/wp-json\/wp\/v2\/media?parent=328"}],"curies":[{"name":"wp","href":"https:\/\/api.w.org\/{rel}","templated":true}]}}