{"id":1924,"date":"2025-01-30T13:23:13","date_gmt":"2025-01-30T12:23:13","guid":{"rendered":"https:\/\/www.fzk.com.pl\/wielkopolka\/?page_id=1924"},"modified":"2025-03-07T23:42:46","modified_gmt":"2025-03-07T22:42:46","slug":"konkurs-dla-szkol","status":"publish","type":"page","link":"https:\/\/www.fzk.com.pl\/wielkopolka\/konkurs-dla-szkol\/","title":{"rendered":"Konkurs dla szk\u00f3\u0142"},"content":{"rendered":"\t\t<div data-elementor-type=\"wp-page\" data-elementor-id=\"1924\" class=\"elementor elementor-1924\">\n\t\t\t\t\t\t<section class=\"elementor-section elementor-top-section elementor-element elementor-element-6da9de28 elementor-section-boxed elementor-section-height-default elementor-section-height-default\" data-id=\"6da9de28\" data-element_type=\"section\" data-e-type=\"section\" id=\"regulamin\" data-settings=\"{&quot;background_background&quot;:&quot;classic&quot;}\">\n\t\t\t\t\t\t<div class=\"elementor-container elementor-column-gap-default\">\n\t\t\t\t\t<div class=\"elementor-column elementor-col-100 elementor-top-column elementor-element elementor-element-488e81d1\" data-id=\"488e81d1\" data-element_type=\"column\" data-e-type=\"column\">\n\t\t\t<div class=\"elementor-widget-wrap elementor-element-populated\">\n\t\t\t\t\t\t<div class=\"elementor-element elementor-element-5b59351d elementor-widget elementor-widget-spacer\" data-id=\"5b59351d\" data-element_type=\"widget\" data-e-type=\"widget\" data-widget_type=\"spacer.default\">\n\t\t\t\t<div class=\"elementor-widget-container\">\n\t\t\t\t\t\t\t<div class=\"elementor-spacer\">\n\t\t\t<div class=\"elementor-spacer-inner\"><\/div>\n\t\t<\/div>\n\t\t\t\t\t\t<\/div>\n\t\t\t\t<\/div>\n\t\t\t\t<div class=\"elementor-element elementor-element-230c32b elementor-widget elementor-widget-image\" data-id=\"230c32b\" data-element_type=\"widget\" data-e-type=\"widget\" data-widget_type=\"image.default\">\n\t\t\t\t<div class=\"elementor-widget-container\">\n\t\t\t\t\t\t\t\t\t\t\t\t\t\t\t<img fetchpriority=\"high\" decoding=\"async\" width=\"3994\" height=\"1075\" src=\"https:\/\/www.fzk.com.pl\/wielkopolka\/wp-content\/uploads\/2025\/03\/baner3.png\" class=\"attachment-full size-full wp-image-1995\" alt=\"\" srcset=\"https:\/\/www.fzk.com.pl\/wielkopolka\/wp-content\/uploads\/2025\/03\/baner3.png 3994w, https:\/\/www.fzk.com.pl\/wielkopolka\/wp-content\/uploads\/2025\/03\/baner3-300x81.png 300w, https:\/\/www.fzk.com.pl\/wielkopolka\/wp-content\/uploads\/2025\/03\/baner3-1024x276.png 1024w, https:\/\/www.fzk.com.pl\/wielkopolka\/wp-content\/uploads\/2025\/03\/baner3-768x207.png 768w, https:\/\/www.fzk.com.pl\/wielkopolka\/wp-content\/uploads\/2025\/03\/baner3-1536x413.png 1536w, https:\/\/www.fzk.com.pl\/wielkopolka\/wp-content\/uploads\/2025\/03\/baner3-2048x551.png 2048w\" sizes=\"(max-width: 3994px) 100vw, 3994px\" \/>\t\t\t\t\t\t\t\t\t\t\t\t\t\t\t<\/div>\n\t\t\t\t<\/div>\n\t\t\t\t\t<\/div>\n\t\t<\/div>\n\t\t\t\t\t<\/div>\n\t\t<\/section>\n\t\t\t\t<section class=\"elementor-section elementor-top-section elementor-element elementor-element-5ad2f0d elementor-section-boxed elementor-section-height-default elementor-section-height-default\" data-id=\"5ad2f0d\" data-element_type=\"section\" data-e-type=\"section\" data-settings=\"{&quot;background_background&quot;:&quot;classic&quot;}\">\n\t\t\t\t\t\t<div class=\"elementor-container elementor-column-gap-default\">\n\t\t\t\t\t<div class=\"elementor-column elementor-col-100 elementor-top-column elementor-element elementor-element-0ac003c\" data-id=\"0ac003c\" data-element_type=\"column\" data-e-type=\"column\">\n\t\t\t<div class=\"elementor-widget-wrap elementor-element-populated\">\n\t\t\t\t\t\t<div class=\"elementor-element elementor-element-eb339dd elementor-invisible elementor-widget elementor-widget-heading\" data-id=\"eb339dd\" data-element_type=\"widget\" data-e-type=\"widget\" data-settings=\"{&quot;_animation&quot;:&quot;fadeInDown&quot;}\" data-widget_type=\"heading.default\">\n\t\t\t\t<div class=\"elementor-widget-container\">\n\t\t\t\t\t<h2 class=\"elementor-heading-title elementor-size-default\"> Zamoyska 2.0\u2013 Jak widzisz Jadwig\u0119 Zamoysk\u0105 dzisiaj? <\/h2>\t\t\t\t<\/div>\n\t\t\t\t<\/div>\n\t\t\t\t<div class=\"elementor-element elementor-element-0a10a43 elementor-widget elementor-widget-spacer\" data-id=\"0a10a43\" data-element_type=\"widget\" data-e-type=\"widget\" data-widget_type=\"spacer.default\">\n\t\t\t\t<div class=\"elementor-widget-container\">\n\t\t\t\t\t\t\t<div class=\"elementor-spacer\">\n\t\t\t<div class=\"elementor-spacer-inner\"><\/div>\n\t\t<\/div>\n\t\t\t\t\t\t<\/div>\n\t\t\t\t<\/div>\n\t\t\t\t<div class=\"elementor-element elementor-element-45e7542 elementor-widget elementor-widget-text-editor\" data-id=\"45e7542\" data-element_type=\"widget\" data-e-type=\"widget\" data-widget_type=\"text-editor.default\">\n\t\t\t\t<div class=\"elementor-widget-container\">\n\t\t\t\t\t\t\t\t\t<div>Z okazji 100-lecia Fundacji Zak\u0142ady K\u00f3rnickie, chcemy jeszcze bardziej uczci\u0107 posta\u0107 Jadwigi Zamoyskiej, kt\u00f3ra pozostaje inspiracj\u0105 do dzisiaj. Z tej okazji ju\u017c wkr\u00f3tce og\u0142osimy konkurs <strong>Zamoyska 2.0<\/strong>, kt\u00f3ry ma na celu pobudzenie wyobra\u017ani m\u0142odych ludzi i zach\u0119cenie ich do spojrzenia na Jadwig\u0119 w kontek\u015bcie wsp\u00f3\u0142czesno\u015bci.<\/div>\t\t\t\t\t\t\t\t<\/div>\n\t\t\t\t<\/div>\n\t\t\t\t<div class=\"elementor-element elementor-element-bae1657 elementor-widget elementor-widget-spacer\" data-id=\"bae1657\" data-element_type=\"widget\" data-e-type=\"widget\" data-widget_type=\"spacer.default\">\n\t\t\t\t<div class=\"elementor-widget-container\">\n\t\t\t\t\t\t\t<div class=\"elementor-spacer\">\n\t\t\t<div class=\"elementor-spacer-inner\"><\/div>\n\t\t<\/div>\n\t\t\t\t\t\t<\/div>\n\t\t\t\t<\/div>\n\t\t\t\t<div class=\"elementor-element elementor-element-00da8dc elementor-widget elementor-widget-text-editor\" data-id=\"00da8dc\" data-element_type=\"widget\" data-e-type=\"widget\" data-widget_type=\"text-editor.default\">\n\t\t\t\t<div class=\"elementor-widget-container\">\n\t\t\t\t\t\t\t\t\t<div><strong>Celem konkursu jest stworzenie filmu, kt\u00f3ry w ciekawy i kreatywny spos\u00f3b odpowie na pytanie: \u201eKim by\u0142aby Jadwiga Zamoyska dzisiaj?&#8221;.<\/strong> Zach\u0119camy uczestnik\u00f3w do wyobra\u017cenia sobie tej wybitnej postaci w wsp\u00f3\u0142czesnym \u015bwiecie i przedstawienia jej roli w naszych czasach. Konkurs daje ogromn\u0105 swobod\u0119 tw\u00f3rcz\u0105 \u2013 chcemy pozna\u0107, jak m\u0142odzie\u017c widzi t\u0119 inspiruj\u0105c\u0105 posta\u0107 we wsp\u00f3\u0142czesnym kontek\u015bcie.<\/div>\t\t\t\t\t\t\t\t<\/div>\n\t\t\t\t<\/div>\n\t\t\t\t<div class=\"elementor-element elementor-element-9044dd8 elementor-widget elementor-widget-spacer\" data-id=\"9044dd8\" data-element_type=\"widget\" data-e-type=\"widget\" data-widget_type=\"spacer.default\">\n\t\t\t\t<div class=\"elementor-widget-container\">\n\t\t\t\t\t\t\t<div class=\"elementor-spacer\">\n\t\t\t<div class=\"elementor-spacer-inner\"><\/div>\n\t\t<\/div>\n\t\t\t\t\t\t<\/div>\n\t\t\t\t<\/div>\n\t\t\t\t<div class=\"elementor-element elementor-element-6fc61af elementor-widget elementor-widget-text-editor\" data-id=\"6fc61af\" data-element_type=\"widget\" data-e-type=\"widget\" data-widget_type=\"text-editor.default\">\n\t\t\t\t<div class=\"elementor-widget-container\">\n\t\t\t\t\t\t\t\t\t<div class=\"v1default-style\">Zapraszamy do \u015bledzenia nadchodz\u0105cych informacji \u2013 ju\u017c wkr\u00f3tce ruszamy z konkursem, wi\u0119c b\u0105d\u017acie gotowi!<\/div>\t\t\t\t\t\t\t\t<\/div>\n\t\t\t\t<\/div>\n\t\t\t\t<div class=\"elementor-element elementor-element-1761a41 elementor-widget elementor-widget-spacer\" data-id=\"1761a41\" data-element_type=\"widget\" data-e-type=\"widget\" data-widget_type=\"spacer.default\">\n\t\t\t\t<div class=\"elementor-widget-container\">\n\t\t\t\t\t\t\t<div class=\"elementor-spacer\">\n\t\t\t<div class=\"elementor-spacer-inner\"><\/div>\n\t\t<\/div>\n\t\t\t\t\t\t<\/div>\n\t\t\t\t<\/div>\n\t\t\t\t<div class=\"elementor-element elementor-element-266ec4b elementor-widget elementor-widget-image\" data-id=\"266ec4b\" data-element_type=\"widget\" data-e-type=\"widget\" data-widget_type=\"image.default\">\n\t\t\t\t<div class=\"elementor-widget-container\">\n\t\t\t\t\t\t\t\t\t\t\t\t\t\t\t<img decoding=\"async\" width=\"640\" height=\"537\" src=\"https:\/\/www.fzk.com.pl\/wielkopolka\/wp-content\/uploads\/2025\/03\/KONKURS.png\" class=\"attachment-large size-large wp-image-1997\" alt=\"\" srcset=\"https:\/\/www.fzk.com.pl\/wielkopolka\/wp-content\/uploads\/2025\/03\/KONKURS.png 940w, https:\/\/www.fzk.com.pl\/wielkopolka\/wp-content\/uploads\/2025\/03\/KONKURS-300x251.png 300w, https:\/\/www.fzk.com.pl\/wielkopolka\/wp-content\/uploads\/2025\/03\/KONKURS-768x644.png 768w\" sizes=\"(max-width: 640px) 100vw, 640px\" \/>\t\t\t\t\t\t\t\t\t\t\t\t\t\t\t<\/div>\n\t\t\t\t<\/div>\n\t\t\t\t\t<\/div>\n\t\t<\/div>\n\t\t\t\t\t<\/div>\n\t\t<\/section>\n\t\t\t\t<\/div>\n\t\t","protected":false},"excerpt":{"rendered":"<p>Zamoyska 2.0\u2013 Jak widzisz Jadwig\u0119 Zamoysk\u0105 dzisiaj? Z okazji 100-lecia Fundacji Zak\u0142ady K\u00f3rnickie, chcemy jeszcze bardziej uczci\u0107 posta\u0107 Jadwigi Zamoyskiej, kt\u00f3ra pozostaje inspiracj\u0105 do dzisiaj. Z tej okazji ju\u017c wkr\u00f3tce og\u0142osimy konkurs Zamoyska 2.0, kt\u00f3ry ma na celu pobudzenie wyobra\u017ani m\u0142odych ludzi i zach\u0119cenie ich do spojrzenia na Jadwig\u0119 w kontek\u015bcie wsp\u00f3\u0142czesno\u015bci. Celem konkursu jest stworzenie filmu, kt\u00f3ry w ciekawy&#8230;<\/p>\n","protected":false},"author":1,"featured_media":0,"parent":0,"menu_order":0,"comment_status":"closed","ping_status":"closed","template":"elementor_header_footer","meta":{"footnotes":""},"class_list":["post-1924","page","type-page","status-publish","hentry"],"_links":{"self":[{"href":"https:\/\/www.fzk.com.pl\/wielkopolka\/wp-json\/wp\/v2\/pages\/1924","targetHints":{"allow":["GET"]}}],"collection":[{"href":"https:\/\/www.fzk.com.pl\/wielkopolka\/wp-json\/wp\/v2\/pages"}],"about":[{"href":"https:\/\/www.fzk.com.pl\/wielkopolka\/wp-json\/wp\/v2\/types\/page"}],"author":[{"embeddable":true,"href":"https:\/\/www.fzk.com.pl\/wielkopolka\/wp-json\/wp\/v2\/users\/1"}],"replies":[{"embeddable":true,"href":"https:\/\/www.fzk.com.pl\/wielkopolka\/wp-json\/wp\/v2\/comments?post=1924"}],"version-history":[{"count":10,"href":"https:\/\/www.fzk.com.pl\/wielkopolka\/wp-json\/wp\/v2\/pages\/1924\/revisions"}],"predecessor-version":[{"id":2041,"href":"https:\/\/www.fzk.com.pl\/wielkopolka\/wp-json\/wp\/v2\/pages\/1924\/revisions\/2041"}],"wp:attachment":[{"href":"https:\/\/www.fzk.com.pl\/wielkopolka\/wp-json\/wp\/v2\/media?parent=1924"}],"curies":[{"name":"wp","href":"https:\/\/api.w.org\/{rel}","templated":true}]}}